{"id":9751,"date":"2026-03-20T09:32:11","date_gmt":"2026-03-20T08:32:11","guid":{"rendered":"https:\/\/imker-aigen.at\/?page_id=9751"},"modified":"2026-03-20T09:51:10","modified_gmt":"2026-03-20T08:51:10","slug":"unser-bienenschwarm-service","status":"publish","type":"page","link":"https:\/\/imker-aigen.at\/index.php\/about\/unser-bienenschwarm-service\/","title":{"rendered":"Unser Bienenschwarm-Service"},"content":{"rendered":"<div  class='flex_column av-67g6uv-5d970809a8cf63e925f51fde003ba2d0 av_one_full  avia-builder-el-0  avia-builder-el-no-sibling  first flex_column_div  '     ><p>\n<style type=\"text\/css\" data-created_by=\"avia_inline_auto\" id=\"style-css-av-mmyn4lye-d32298524dccfe0cb2c2648638318e20\">\n#top .av-special-heading.av-mmyn4lye-d32298524dccfe0cb2c2648638318e20{\npadding-bottom:10px;\n}\nbody .av-special-heading.av-mmyn4lye-d32298524dccfe0cb2c2648638318e20 .av-special-heading-tag .heading-char{\nfont-size:25px;\n}\n.av-special-heading.av-mmyn4lye-d32298524dccfe0cb2c2648638318e20 .av-subheading{\nfont-size:15px;\n}\n<\/style>\n<div  class='av-special-heading av-mmyn4lye-d32298524dccfe0cb2c2648638318e20 av-special-heading-h3 blockquote modern-quote modern-centered  avia-builder-el-1  el_before_av_image  avia-builder-el-first '><h3 class='av-special-heading-tag '  itemprop=\"headline\"  >Unser Bienenschwarm-Service<\/h3><div class=\"special-heading-border\"><div class=\"special-heading-inner-border\"><\/div><\/div><\/div><br \/>\n\n<style type=\"text\/css\" data-created_by=\"avia_inline_auto\" id=\"style-css-av-mmyneshw-373ea6a4498aecb2a0767931b770bd19\">\n.avia-image-container.av-mmyneshw-373ea6a4498aecb2a0767931b770bd19 img.avia_image{\nbox-shadow:none;\n}\n.avia-image-container.av-mmyneshw-373ea6a4498aecb2a0767931b770bd19 .av-image-caption-overlay-center{\ncolor:#ffffff;\n}\n<\/style>\n<div  class='avia-image-container av-mmyneshw-373ea6a4498aecb2a0767931b770bd19 av-styling- avia-align-center  avia-builder-el-2  el_after_av_heading  el_before_av_hr '   itemprop=\"image\" itemscope=\"itemscope\" itemtype=\"https:\/\/schema.org\/ImageObject\" ><div class=\"avia-image-container-inner\"><div class=\"avia-image-overlay-wrap\"><img decoding=\"async\" fetchpriority=\"high\" class='wp-image-9757 avia-img-lazy-loading-not-9757 avia_image ' src=\"https:\/\/imker-aigen.at\/wp-content\/uploads\/2026\/03\/bee-swarm2-247x300.jpg\" alt='' title='Traube eines Bienenschwarmes'  height=\"300\" width=\"247\"  itemprop=\"thumbnailUrl\" srcset=\"https:\/\/imker-aigen.at\/wp-content\/uploads\/2026\/03\/bee-swarm2-247x300.jpg 247w, https:\/\/imker-aigen.at\/wp-content\/uploads\/2026\/03\/bee-swarm2-582x705.jpg 582w, https:\/\/imker-aigen.at\/wp-content\/uploads\/2026\/03\/bee-swarm2.jpg 716w\" sizes=\"(max-width: 247px) 100vw, 247px\" \/><\/div><\/div><\/div><br \/>\n\n<style type=\"text\/css\" data-created_by=\"avia_inline_auto\" id=\"style-css-av-mmyn4st4-8ddaf77aa2ff45ddea61a71651ece206\">\n#top .hr.av-mmyn4st4-8ddaf77aa2ff45ddea61a71651ece206{\nmargin-top:30px;\nmargin-bottom:30px;\n}\n.hr.av-mmyn4st4-8ddaf77aa2ff45ddea61a71651ece206 .hr-inner{\nwidth:50px;\nmax-width:45%;\n}\n<\/style>\n<div  class='hr av-mmyn4st4-8ddaf77aa2ff45ddea61a71651ece206 hr-custom  avia-builder-el-3  el_after_av_image  el_before_av_textblock  hr-center hr-icon-yes'><span class='hr-inner inner-border-av-border-thin'><span class=\"hr-inner-style\"><\/span><\/span><span class='av-seperator-icon avia-svg-icon avia-font-svg_entypo-fontello' data-av_svg_icon='dot-3' data-av_iconset='svg_entypo-fontello'><svg version=\"1.1\" xmlns=\"http:\/\/www.w3.org\/2000\/svg\" width=\"29\" height=\"32\" viewBox=\"0 0 29 32\" preserveAspectRatio=\"xMidYMid meet\" aria-labelledby='av-svg-title-1' aria-describedby='av-svg-desc-1' role=\"graphics-symbol\">\n<title id='av-svg-title-1'>Dot-3<\/title>\n<desc id='av-svg-desc-1'>Dot-3<\/desc>\n<path d=\"M3.52 12.48q1.472 0 2.496 1.024t1.024 2.496q0 1.408-1.024 2.464t-2.496 1.056-2.496-1.056-1.024-2.464q0-1.472 1.024-2.496t2.496-1.024zM14.72 12.48q1.472 0 2.496 1.024t1.024 2.496q0 1.408-1.056 2.464t-2.464 1.056-2.464-1.056-1.056-2.464q0-1.472 1.024-2.496t2.496-1.024zM25.92 12.48q1.472 0 2.496 1.024t1.024 2.496q0 1.408-1.024 2.464t-2.496 1.056-2.496-1.056-1.024-2.464q0-1.472 1.024-2.496t2.496-1.024z\"><\/path>\n<\/svg><\/span><span class='hr-inner inner-border-av-border-thin'><span class=\"hr-inner-style\"><\/span><\/span><\/div><br \/>\n<section  class='av_textblock_section av-mmynd3pi-4d1094a539aa1c65868cbf51d9013761 '   itemscope=\"itemscope\" itemtype=\"https:\/\/schema.org\/CreativeWork\" ><div class='avia_textblock'  itemprop=\"text\" ><p data-start=\"0\" data-end=\"279\">Nachdem im Fr\u00fchjahr das Leben in unseren Bienenst\u00f6cken erwacht, steht dann auch bald wieder die Schwarmzeit vor der T\u00fcr. Ende April\/Mitte Mai ist vermehrt mit Bienenschw\u00e4rmen zu rechnen, die sich auf die Suche nach einem neuen Zuhause machen.<\/p>\n<p data-start=\"281\" data-end=\"611\">Unser Verein ist bestens darauf vorbereitet: Wir verf\u00fcgen \u00fcber eine engagierte Schwarmf\u00e4ngergruppe, die bei Meldungen rasch zur Stelle ist und sich fachgerecht um das Einfangen der Schw\u00e4rme k\u00fcmmert. Die Koordination erfolgt effizient \u00fcber eine eigene WhatsApp-Gruppe innerhalb unseres Vereins, sodass schnell reagiert werden kann.<\/p>\n<p data-start=\"613\" data-end=\"907\">Wenn Sie einen Bienenschwarm entdecken, bitten wir Sie, uns diesen unkompliziert zu melden \u2013 entweder \u00fcber unser <a href=\"https:\/\/imker-aigen.at\/index.php\/contact\/\">Kontaktformular<\/a> auf der Homepage oder per E-Mail an unsere Vereinsadresse (<a href=\"mailto:info@imker-aigen.at\">info@imker-aigen.at<\/a>). Wir setzen uns umgehend mit Ihnen in Verbindung und k\u00fcmmern uns verl\u00e4sslich um die weitere Vorgehensweise.<\/p>\n<p data-start=\"909\" data-end=\"1011\" data-is-last-node=\"\" data-is-only-node=\"\"><strong>Vielen Dank f\u00fcr Ihre Unterst\u00fctzung \u2013 gemeinsam tragen wir zum Schutz und Erhalt unserer Bienen bei!<\/strong><\/p>\n<p data-start=\"909\" data-end=\"1011\" data-is-last-node=\"\" data-is-only-node=\"\">Wenn Sie mehr \u00fcber die Faszination Bienenschwarm erfahren m\u00f6chten, haben wir hierzu einen Artikel geschrieben.<\/p>\n<p class=\"av-special-heading-tag \">\u21d2 <a href=\"https:\/\/imker-aigen.at\/index.php\/2025\/04\/23\/bienenschwaerme\/\">Bienenschw\u00e4rme &#8211; Nat\u00fcrliches Verhalten mit Vor- und Nachteilen<\/a><\/p>\n<\/div><\/section><br \/>\n<div  class='av-social-sharing-box av-4q9bo7-0b6f04938bd74a36d956a8d9f63e2f06 av-social-sharing-box-default  avia-builder-el-5  el_after_av_textblock  el_before_av_comments_list  av-social-sharing-box-fullwidth'><div class=\"av-share-box\"><h5 class='av-share-link-description av-no-toc '>Eintrag teilen<\/h5><ul class=\"av-share-box-list noLightbox\"><li class='av-share-link av-social-link-facebook avia_social_iconfont' ><a target=\"_blank\" aria-label=\"Teilen auf Facebook\" href='https:\/\/www.facebook.com\/sharer.php?u=https:\/\/imker-aigen.at\/index.php\/about\/unser-bienenschwarm-service\/&#038;t=Unser%20Bienenschwarm-Service' data-av_icon='\ue8f3' data-av_iconfont='entypo-fontello'  title='' data-avia-related-tooltip='Teilen auf Facebook'><span class='avia_hidden_link_text'>Teilen auf Facebook<\/span><\/a><\/li><li class='av-share-link av-social-link-twitter avia_social_iconfont' ><a target=\"_blank\" aria-label=\"Teilen auf X\" href='https:\/\/twitter.com\/share?text=Unser%20Bienenschwarm-Service&#038;url=https:\/\/imker-aigen.at\/?p=9751' data-av_icon='\ue932' data-av_iconfont='entypo-fontello'  title='' data-avia-related-tooltip='Teilen auf X'><span class='avia_hidden_link_text'>Teilen auf X<\/span><\/a><\/li><li class='av-share-link av-social-link-whatsapp avia_social_iconfont' ><a target=\"_blank\" aria-label=\"Teilen auf WhatsApp\" href='https:\/\/api.whatsapp.com\/send?text=https:\/\/imker-aigen.at\/index.php\/about\/unser-bienenschwarm-service\/' data-av_icon='\uf232' data-av_iconfont='entypo-fontello'  title='' data-avia-related-tooltip='Teilen auf WhatsApp'><span class='avia_hidden_link_text'>Teilen auf WhatsApp<\/span><\/a><\/li><li class='av-share-link av-social-link-pinterest avia_social_iconfont' ><a target=\"_blank\" aria-label=\"Teilen auf Pinterest\" href='https:\/\/pinterest.com\/pin\/create\/button\/?url=https%3A%2F%2Fimker-aigen.at%2Findex.php%2Fabout%2Funser-bienenschwarm-service%2F&#038;description=Unser%20Bienenschwarm-Service&#038;media=' data-av_icon='\ue8f8' data-av_iconfont='entypo-fontello'  title='' data-avia-related-tooltip='Teilen auf Pinterest'><span class='avia_hidden_link_text'>Teilen auf Pinterest<\/span><\/a><\/li><li class='av-share-link av-social-link-linkedin avia_social_iconfont' ><a target=\"_blank\" aria-label=\"Teilen auf LinkedIn\" href='https:\/\/linkedin.com\/shareArticle?mini=true&#038;title=Unser%20Bienenschwarm-Service&#038;url=https:\/\/imker-aigen.at\/index.php\/about\/unser-bienenschwarm-service\/' data-av_icon='\ue8fc' data-av_iconfont='entypo-fontello'  title='' data-avia-related-tooltip='Teilen auf LinkedIn'><span class='avia_hidden_link_text'>Teilen auf LinkedIn<\/span><\/a><\/li><li class='av-share-link av-social-link-reddit avia_social_iconfont' ><a target=\"_blank\" aria-label=\"Teilen auf Reddit\" href='https:\/\/reddit.com\/submit?url=https:\/\/imker-aigen.at\/index.php\/about\/unser-bienenschwarm-service\/&#038;title=Unser%20Bienenschwarm-Service' data-av_icon='\ue927' data-av_iconfont='entypo-fontello'  title='' data-avia-related-tooltip='Teilen auf Reddit'><span class='avia_hidden_link_text'>Teilen auf Reddit<\/span><\/a><\/li><li class='av-share-link av-social-link-mail avia_social_iconfont' ><a  aria-label=\"Per E-Mail teilen\" href='mailto:?subject=Unser%20Bienenschwarm-Service&#038;body=https:\/\/imker-aigen.at\/index.php\/about\/unser-bienenschwarm-service\/' data-av_icon='\ue805' data-av_iconfont='entypo-fontello'  title='' data-avia-related-tooltip='Per E-Mail teilen'><span class='avia_hidden_link_text'>Per E-Mail teilen<\/span><\/a><\/li><\/ul><\/div><\/div><br \/>\n<div  class='av-buildercomment av-1utoqv-d3034539b5b165f2c7f72e00e23aa29b'><\/div><\/p><\/div>\n","protected":false},"excerpt":{"rendered":"","protected":false},"author":1,"featured_media":0,"parent":96,"menu_order":0,"comment_status":"closed","ping_status":"closed","template":"","meta":{"footnotes":""},"class_list":["post-9751","page","type-page","status-publish","hentry"],"yoast_head":"<!-- This site is optimized with the Yoast SEO plugin v27.5 - https:\/\/yoast.com\/product\/yoast-seo-wordpress\/ -->\n<title>Unser Bienenschwarm-Service - Imker Ortsgruppe Salzburg Aigen<\/title>\n<meta name=\"description\" content=\"Sollten Sie einen Bienenschwarm in unserem Gebiet entdecken, z\u00f6gern Sie nicht uns zu kontaktieren!\" \/>\n<meta name=\"robots\" content=\"index, follow, max-snippet:-1, max-image-preview:large, max-video-preview:-1\" \/>\n<link rel=\"canonical\" href=\"https:\/\/imker-aigen.at\/index.php\/about\/unser-bienenschwarm-service\/\" \/>\n<meta property=\"og:locale\" content=\"de_DE\" \/>\n<meta property=\"og:type\" content=\"article\" \/>\n<meta property=\"og:title\" content=\"Unser Bienenschwarm-Service - Imker Ortsgruppe Salzburg Aigen\" \/>\n<meta property=\"og:description\" content=\"Sollten Sie einen Bienenschwarm in unserem Gebiet entdecken, z\u00f6gern Sie nicht uns zu kontaktieren!\" \/>\n<meta property=\"og:url\" content=\"https:\/\/imker-aigen.at\/index.php\/about\/unser-bienenschwarm-service\/\" \/>\n<meta property=\"og:site_name\" content=\"Imker Ortsgruppe Salzburg Aigen\" \/>\n<meta property=\"article:modified_time\" content=\"2026-03-20T08:51:10+00:00\" \/>\n<meta name=\"twitter:card\" content=\"summary_large_image\" \/>\n<meta name=\"twitter:label1\" content=\"Gesch\u00e4tzte Lesezeit\" \/>\n\t<meta name=\"twitter:data1\" content=\"2\u00a0Minuten\" \/>\n<script type=\"application\/ld+json\" class=\"yoast-schema-graph\">{\"@context\":\"https:\\\/\\\/schema.org\",\"@graph\":[{\"@type\":\"WebPage\",\"@id\":\"https:\\\/\\\/imker-aigen.at\\\/index.php\\\/about\\\/unser-bienenschwarm-service\\\/\",\"url\":\"https:\\\/\\\/imker-aigen.at\\\/index.php\\\/about\\\/unser-bienenschwarm-service\\\/\",\"name\":\"Unser Bienenschwarm-Service - Imker Ortsgruppe Salzburg Aigen\",\"isPartOf\":{\"@id\":\"https:\\\/\\\/imker-aigen.at\\\/#website\"},\"datePublished\":\"2026-03-20T08:32:11+00:00\",\"dateModified\":\"2026-03-20T08:51:10+00:00\",\"description\":\"Sollten Sie einen Bienenschwarm in unserem Gebiet entdecken, z\u00f6gern Sie nicht uns zu kontaktieren!\",\"breadcrumb\":{\"@id\":\"https:\\\/\\\/imker-aigen.at\\\/index.php\\\/about\\\/unser-bienenschwarm-service\\\/#breadcrumb\"},\"inLanguage\":\"de\",\"potentialAction\":[{\"@type\":\"ReadAction\",\"target\":[\"https:\\\/\\\/imker-aigen.at\\\/index.php\\\/about\\\/unser-bienenschwarm-service\\\/\"]}]},{\"@type\":\"BreadcrumbList\",\"@id\":\"https:\\\/\\\/imker-aigen.at\\\/index.php\\\/about\\\/unser-bienenschwarm-service\\\/#breadcrumb\",\"itemListElement\":[{\"@type\":\"ListItem\",\"position\":1,\"name\":\"Startseite\",\"item\":\"https:\\\/\\\/imker-aigen.at\\\/index.php\\\/home\\\/\"},{\"@type\":\"ListItem\",\"position\":2,\"name\":\"About\",\"item\":\"https:\\\/\\\/imker-aigen.at\\\/index.php\\\/about\\\/\"},{\"@type\":\"ListItem\",\"position\":3,\"name\":\"Unser Bienenschwarm-Service\"}]},{\"@type\":\"WebSite\",\"@id\":\"https:\\\/\\\/imker-aigen.at\\\/#website\",\"url\":\"https:\\\/\\\/imker-aigen.at\\\/\",\"name\":\"Imker Ortsgruppe Salzburg Aigen\",\"description\":\"Homepage der Imker-Ortsgruppe Salzburg Aigen\",\"publisher\":{\"@id\":\"https:\\\/\\\/imker-aigen.at\\\/#organization\"},\"potentialAction\":[{\"@type\":\"SearchAction\",\"target\":{\"@type\":\"EntryPoint\",\"urlTemplate\":\"https:\\\/\\\/imker-aigen.at\\\/?s={search_term_string}\"},\"query-input\":{\"@type\":\"PropertyValueSpecification\",\"valueRequired\":true,\"valueName\":\"search_term_string\"}}],\"inLanguage\":\"de\"},{\"@type\":\"Organization\",\"@id\":\"https:\\\/\\\/imker-aigen.at\\\/#organization\",\"name\":\"Imker Ortsgruppe Salzburg Aigen\",\"url\":\"https:\\\/\\\/imker-aigen.at\\\/\",\"logo\":{\"@type\":\"ImageObject\",\"inLanguage\":\"de\",\"@id\":\"https:\\\/\\\/imker-aigen.at\\\/#\\\/schema\\\/logo\\\/image\\\/\",\"url\":\"https:\\\/\\\/imker-aigen.at\\\/wp-content\\\/uploads\\\/2022\\\/08\\\/logo-1.png\",\"contentUrl\":\"https:\\\/\\\/imker-aigen.at\\\/wp-content\\\/uploads\\\/2022\\\/08\\\/logo-1.png\",\"width\":392,\"height\":156,\"caption\":\"Imker Ortsgruppe Salzburg Aigen\"},\"image\":{\"@id\":\"https:\\\/\\\/imker-aigen.at\\\/#\\\/schema\\\/logo\\\/image\\\/\"}}]}<\/script>\n<!-- \/ Yoast SEO plugin. -->","yoast_head_json":{"title":"Unser Bienenschwarm-Service - Imker Ortsgruppe Salzburg Aigen","description":"Sollten Sie einen Bienenschwarm in unserem Gebiet entdecken, z\u00f6gern Sie nicht uns zu kontaktieren!","robots":{"index":"index","follow":"follow","max-snippet":"max-snippet:-1","max-image-preview":"max-image-preview:large","max-video-preview":"max-video-preview:-1"},"canonical":"https:\/\/imker-aigen.at\/index.php\/about\/unser-bienenschwarm-service\/","og_locale":"de_DE","og_type":"article","og_title":"Unser Bienenschwarm-Service - Imker Ortsgruppe Salzburg Aigen","og_description":"Sollten Sie einen Bienenschwarm in unserem Gebiet entdecken, z\u00f6gern Sie nicht uns zu kontaktieren!","og_url":"https:\/\/imker-aigen.at\/index.php\/about\/unser-bienenschwarm-service\/","og_site_name":"Imker Ortsgruppe Salzburg Aigen","article_modified_time":"2026-03-20T08:51:10+00:00","twitter_card":"summary_large_image","twitter_misc":{"Gesch\u00e4tzte Lesezeit":"2\u00a0Minuten"},"schema":{"@context":"https:\/\/schema.org","@graph":[{"@type":"WebPage","@id":"https:\/\/imker-aigen.at\/index.php\/about\/unser-bienenschwarm-service\/","url":"https:\/\/imker-aigen.at\/index.php\/about\/unser-bienenschwarm-service\/","name":"Unser Bienenschwarm-Service - Imker Ortsgruppe Salzburg Aigen","isPartOf":{"@id":"https:\/\/imker-aigen.at\/#website"},"datePublished":"2026-03-20T08:32:11+00:00","dateModified":"2026-03-20T08:51:10+00:00","description":"Sollten Sie einen Bienenschwarm in unserem Gebiet entdecken, z\u00f6gern Sie nicht uns zu kontaktieren!","breadcrumb":{"@id":"https:\/\/imker-aigen.at\/index.php\/about\/unser-bienenschwarm-service\/#breadcrumb"},"inLanguage":"de","potentialAction":[{"@type":"ReadAction","target":["https:\/\/imker-aigen.at\/index.php\/about\/unser-bienenschwarm-service\/"]}]},{"@type":"BreadcrumbList","@id":"https:\/\/imker-aigen.at\/index.php\/about\/unser-bienenschwarm-service\/#breadcrumb","itemListElement":[{"@type":"ListItem","position":1,"name":"Startseite","item":"https:\/\/imker-aigen.at\/index.php\/home\/"},{"@type":"ListItem","position":2,"name":"About","item":"https:\/\/imker-aigen.at\/index.php\/about\/"},{"@type":"ListItem","position":3,"name":"Unser Bienenschwarm-Service"}]},{"@type":"WebSite","@id":"https:\/\/imker-aigen.at\/#website","url":"https:\/\/imker-aigen.at\/","name":"Imker Ortsgruppe Salzburg Aigen","description":"Homepage der Imker-Ortsgruppe Salzburg Aigen","publisher":{"@id":"https:\/\/imker-aigen.at\/#organization"},"potentialAction":[{"@type":"SearchAction","target":{"@type":"EntryPoint","urlTemplate":"https:\/\/imker-aigen.at\/?s={search_term_string}"},"query-input":{"@type":"PropertyValueSpecification","valueRequired":true,"valueName":"search_term_string"}}],"inLanguage":"de"},{"@type":"Organization","@id":"https:\/\/imker-aigen.at\/#organization","name":"Imker Ortsgruppe Salzburg Aigen","url":"https:\/\/imker-aigen.at\/","logo":{"@type":"ImageObject","inLanguage":"de","@id":"https:\/\/imker-aigen.at\/#\/schema\/logo\/image\/","url":"https:\/\/imker-aigen.at\/wp-content\/uploads\/2022\/08\/logo-1.png","contentUrl":"https:\/\/imker-aigen.at\/wp-content\/uploads\/2022\/08\/logo-1.png","width":392,"height":156,"caption":"Imker Ortsgruppe Salzburg Aigen"},"image":{"@id":"https:\/\/imker-aigen.at\/#\/schema\/logo\/image\/"}}]}},"_links":{"self":[{"href":"https:\/\/imker-aigen.at\/index.php\/wp-json\/wp\/v2\/pages\/9751","targetHints":{"allow":["GET"]}}],"collection":[{"href":"https:\/\/imker-aigen.at\/index.php\/wp-json\/wp\/v2\/pages"}],"about":[{"href":"https:\/\/imker-aigen.at\/index.php\/wp-json\/wp\/v2\/types\/page"}],"author":[{"embeddable":true,"href":"https:\/\/imker-aigen.at\/index.php\/wp-json\/wp\/v2\/users\/1"}],"replies":[{"embeddable":true,"href":"https:\/\/imker-aigen.at\/index.php\/wp-json\/wp\/v2\/comments?post=9751"}],"version-history":[{"count":3,"href":"https:\/\/imker-aigen.at\/index.php\/wp-json\/wp\/v2\/pages\/9751\/revisions"}],"predecessor-version":[{"id":9758,"href":"https:\/\/imker-aigen.at\/index.php\/wp-json\/wp\/v2\/pages\/9751\/revisions\/9758"}],"up":[{"embeddable":true,"href":"https:\/\/imker-aigen.at\/index.php\/wp-json\/wp\/v2\/pages\/96"}],"wp:attachment":[{"href":"https:\/\/imker-aigen.at\/index.php\/wp-json\/wp\/v2\/media?parent=9751"}],"curies":[{"name":"wp","href":"https:\/\/api.w.org\/{rel}","templated":true}]}}